{"id":581,"date":"2020-08-05T20:18:41","date_gmt":"2020-08-05T20:18:41","guid":{"rendered":"http:\/\/www.armonisanatkursu.com\/?page_id=581"},"modified":"2020-09-02T09:58:59","modified_gmt":"2020-09-02T09:58:59","slug":"biz","status":"publish","type":"page","link":"https:\/\/www.armonisanatkursu.com\/index.php\/biz\/","title":{"rendered":"B\u0130Z"},"content":{"rendered":"\t\t<div data-elementor-type=\"wp-page\" data-elementor-id=\"581\" class=\"elementor elementor-581\">\n\t\t\t\t\t\t<div class=\"elementor-inner\">\n\t\t\t\t<div class=\"elementor-section-wrap\">\n\t\t\t\t\t\t\t\t\t<section class=\"elementor-section elementor-top-section elementor-element elementor-element-ec4f6e5 elementor-section-stretched elementor-section-boxed elementor-section-height-default elementor-section-height-default\" data-id=\"ec4f6e5\" data-element_type=\"section\" data-settings=\"{&quot;stretch_section&quot;:&quot;section-stretched&quot;}\">\n\t\t\t\t\t\t<div class=\"elementor-container elementor-column-gap-default\">\n\t\t\t\t\t\t\t<div class=\"elementor-row\">\n\t\t\t\t\t<div class=\"elementor-column elementor-col-100 elementor-top-column elementor-element elementor-element-9e4aafe\" data-id=\"9e4aafe\" data-element_type=\"column\">\n\t\t\t<div class=\"elementor-column-wrap elementor-element-populated\">\n\t\t\t\t\t\t\t<div class=\"elementor-widget-wrap\">\n\t\t\t\t\t\t<div class=\"elementor-element elementor-element-405cdc6 elementor-widget elementor-widget-text-editor\" data-id=\"405cdc6\" data-element_type=\"widget\" data-widget_type=\"text-editor.default\">\n\t\t\t\t<div class=\"elementor-widget-container\">\n\t\t\t\t\t\t\t\t<div class=\"elementor-text-editor elementor-clearfix\">\n\t\t\t\t<h4>Ya\u015fam\u0131n\u0131za bir renk, g\u00fczel bir dokunu\u015f, de\u011fi\u015fik bir heyecan katmak istiyoruz. Bu nedenle alan\u0131nda uzman e\u011fitmenlerimizle birlikte i\u00e7inizde bir yerlerde ke\u015ffedilmeyi bekleyen yetene\u011finizi birlikte ortaya \u00e7\u0131karmay\u0131 hedefliyoruz.<\/h4>\t\t\t\t\t<\/div>\n\t\t\t\t\t\t<\/div>\n\t\t\t\t<\/div>\n\t\t\t\t\t\t<\/div>\n\t\t\t\t\t<\/div>\n\t\t<\/div>\n\t\t\t\t\t\t\t\t<\/div>\n\t\t\t\t\t<\/div>\n\t\t<\/section>\n\t\t\t\t<section class=\"elementor-section elementor-top-section elementor-element elementor-element-ddd0135 elementor-section-stretched elementor-section-boxed elementor-section-height-default elementor-section-height-default\" data-id=\"ddd0135\" data-element_type=\"section\" data-settings=\"{&quot;stretch_section&quot;:&quot;section-stretched&quot;}\">\n\t\t\t\t\t\t<div class=\"elementor-container elementor-column-gap-default\">\n\t\t\t\t\t\t\t<div class=\"elementor-row\">\n\t\t\t\t\t<div class=\"elementor-column elementor-col-100 elementor-top-column elementor-element elementor-element-0d8ff13\" data-id=\"0d8ff13\" data-element_type=\"column\">\n\t\t\t<div class=\"elementor-column-wrap elementor-element-populated\">\n\t\t\t\t\t\t\t<div class=\"elementor-widget-wrap\">\n\t\t\t\t\t\t<div class=\"elementor-element elementor-element-c770262 elementor-widget elementor-widget-text-editor\" data-id=\"c770262\" data-element_type=\"widget\" data-widget_type=\"text-editor.default\">\n\t\t\t\t<div class=\"elementor-widget-container\">\n\t\t\t\t\t\t\t\t<div class=\"elementor-text-editor elementor-clearfix\">\n\t\t\t\t<p>Belki var olan yetene\u011finizin (ya da yeteneklerinizin) fark\u0131ndas\u0131n\u0131zd\u0131r, ya da de\u011filsinizdir. Ya\u015f\u0131 ne olursa olsun, her insan\u0131n g\u00fczel sanatlara kar\u015f\u0131 az ya da \u00e7ok bir yetene\u011fi oldu\u011funa inan\u0131yoruz. Armoni Sanat Kursu Merkezi\u2019mizde bran\u015flar\u0131na g\u00f6re 3 ya\u015f\u0131ndan ba\u015flayarak \u00fcst ya\u015f s\u0131n\u0131r\u0131 olmaks\u0131z\u0131n isteyen herkesin kendini mutlu hissedece\u011fi, zaman\u0131n nas\u0131l ge\u00e7ti\u011fini fark etmedi\u011fi, \u00f6\u011frenirken e\u011flendi\u011fi bir ortam yaratmak istedik. Temel \u00f6\u011fretim tekniklerinin uygulanmas\u0131 s\u0131ras\u0131nda; s\u0131radan \u00f6\u011frenmenin al\u0131\u015fagelmi\u015f s\u0131k\u0131c\u0131, tekd\u00fcze metotlar\u0131ndan uzak bir ortam yaratmaya \u00e7abalad\u0131k. Herhangi bir okula ya da kursa gidermi\u015f gibi de\u011fil de; isteyerek \u00f6\u011frenmeye, e\u011flenmeye ve mutlu olmaya gelinen bir ortam\u0131n olu\u015fmas\u0131 i\u00e7in var g\u00fcc\u00fcm\u00fczle \u00e7al\u0131\u015ft\u0131k. Bir k\u00fclt\u00fcr merkezi olman\u0131n sorumlulu\u011funu duyarak e\u011fitim d\u0131\u015f\u0131nda baz\u0131 sosyal ortamlar\u0131n olu\u015fmas\u0131na da katk\u0131da bulunmay\u0131 d\u00fc\u015f\u00fcn\u00fcyoruz. Bu nedenle; Armoni Sanat Kursu\u00a0Merkezini \u00e7e\u015fitli s\u00f6yle\u015filer, seminerler, konserler, at\u00f6lye \u00e7al\u0131\u015fmalar\u0131 v.b. etkinliklerin merkezi haline getirmeyi planl\u0131yoruz. Umar\u0131z bu s\u00fcreci sizlerle birlikte daha huzurlu ve mutlu bir aile ortam\u0131 i\u00e7ersinde geli\u015ftirerek b\u00fcy\u00fct\u00fcr\u00fcz.<\/p>\t\t\t\t\t<\/div>\n\t\t\t\t\t\t<\/div>\n\t\t\t\t<\/div>\n\t\t\t\t\t\t<\/div>\n\t\t\t\t\t<\/div>\n\t\t<\/div>\n\t\t\t\t\t\t\t\t<\/div>\n\t\t\t\t\t<\/div>\n\t\t<\/section>\n\t\t\t\t<section class=\"elementor-section elementor-top-section elementor-element elementor-element-7ef2baf elementor-section-stretched elementor-section-boxed elementor-section-height-default elementor-section-height-default\" data-id=\"7ef2baf\" data-element_type=\"section\" data-settings=\"{&quot;stretch_section&quot;:&quot;section-stretched&quot;}\">\n\t\t\t\t\t\t<div class=\"elementor-container elementor-column-gap-default\">\n\t\t\t\t\t\t\t<div class=\"elementor-row\">\n\t\t\t\t\t<div class=\"elementor-column elementor-col-100 elementor-top-column elementor-element elementor-element-b6f3951\" data-id=\"b6f3951\" data-element_type=\"column\">\n\t\t\t<div class=\"elementor-column-wrap elementor-element-populated\">\n\t\t\t\t\t\t\t<div class=\"elementor-widget-wrap\">\n\t\t\t\t\t\t<div class=\"elementor-element elementor-element-dfe1de2 elementor-widget elementor-widget-heading\" data-id=\"dfe1de2\" data-element_type=\"widget\" data-widget_type=\"heading.default\">\n\t\t\t\t<div class=\"elementor-widget-container\">\n\t\t\t<div class=\"elementor-heading-title elementor-size-default\">Neyla Dikener<\/div>\t\t<\/div>\n\t\t\t\t<\/div>\n\t\t\t\t\t\t<\/div>\n\t\t\t\t\t<\/div>\n\t\t<\/div>\n\t\t\t\t\t\t\t\t<\/div>\n\t\t\t\t\t<\/div>\n\t\t<\/section>\n\t\t\t\t<section class=\"elementor-section elementor-top-section elementor-element elementor-element-935b460 elementor-section-stretched elementor-section-boxed elementor-section-height-default elementor-section-height-default\" data-id=\"935b460\" data-element_type=\"section\" data-settings=\"{&quot;stretch_section&quot;:&quot;section-stretched&quot;}\">\n\t\t\t\t\t\t<div class=\"elementor-container elementor-column-gap-default\">\n\t\t\t\t\t\t\t<div class=\"elementor-row\">\n\t\t\t\t\t<div class=\"elementor-column elementor-col-100 elementor-top-column elementor-element elementor-element-41d49d1\" data-id=\"41d49d1\" data-element_type=\"column\">\n\t\t\t<div class=\"elementor-column-wrap elementor-element-populated\">\n\t\t\t\t\t\t\t<div class=\"elementor-widget-wrap\">\n\t\t\t\t\t\t<div class=\"elementor-element elementor-element-41163f2 elementor-widget elementor-widget-text-editor\" data-id=\"41163f2\" data-element_type=\"widget\" data-widget_type=\"text-editor.default\">\n\t\t\t\t<div class=\"elementor-widget-container\">\n\t\t\t\t\t\t\t\t<div class=\"elementor-text-editor elementor-clearfix\">\n\t\t\t\t<p>1980 y\u0131l\u0131nda \u0130stanbul\u2019 da do\u011fdu. 10 ya\u015f\u0131nda Ankara Devlet Opera ve Bale\u2019 sinin \u00c7ocuk Balesi B\u00f6l\u00fcm\u00fc\u2019 ne se\u00e7ildi ve bir y\u0131l s\u00fcreyle e\u011fitim ald\u0131.<\/p><p>1990-91 sezonunda Hacettepe \u00dcniversitesi Ankara Devlet Konservatuar Bale B\u00f6l\u00fcm\u00fc s\u0131navlar\u0131n\u0131 250 aday aras\u0131ndan ilk 10\u2019 a girerek kazand\u0131.<\/p><p>Konservatuar\u2019 da Bale Ana Sanat Dal\u0131 Ba\u015fkan\u0131 Yrd. Do\u00e7. M\u00fcride AKSAN, Yrd. Do\u00e7. Efza TOP\u00c7U, \u00dcnl\u00fc Rus Balet ve Koreograf Vlademir TOLSTOUKHINE ve K\u0131rg\u0131zistan Devler Opera Balesi\u2019 nin solist sanat\u00e7\u0131s\u0131 Madam AYSULU ile \u00e7al\u0131\u015ft\u0131. Devlet Opera ve Balesi\u2019nde \u00fcnl\u00fc T\u00fcrk Bale sanat\u00e7\u0131lar\u0131 ve koreograflar\u0131 Lale &amp; Mehmet BALKAN \u00e7ifti ile \u00e7al\u0131\u015ft\u0131.<\/p><p>4 y\u0131ll\u0131k lisans d\u00f6nemini de kapsayan 10 y\u0131ll\u0131k bale e\u011fitimini 1 y\u0131l s\u0131n\u0131f atlayarak 9 y\u0131lda bitirdi ve 2000 y\u0131l\u0131nda Bale Sanat\u00e7\u0131s\u0131 unvan\u0131n\u0131 ald\u0131.<\/p><p>2001-2005 y\u0131llar\u0131 aras\u0131nda Uluslararas\u0131 Aspendos Opera ve Bale Festivallerine solist bale sanat\u00e7\u0131s\u0131 olarak kat\u0131lm\u0131\u015ft\u0131r.<\/p><p>2004 yaz aylar\u0131nda italya\u2019 n\u0131n Roma, Milano, Napoli ve Padova ba\u015fta olmak \u00fczere bir\u00e7ok kentinde d\u00fczenlenen bale festivallerine kat\u0131ld\u0131.<\/p><p>Romeo &amp; Julet, Ku\u011fu\u011f G\u00f6l\u00fc, Don Ki\u015fot, Korsan, Giselle, \u015e\u0131mar\u0131k K\u0131z, La Bayadere, Dion Action, Rossini, H\u00fcrrem Sultan, Afife Jale, Dostum Akdeniz, Bah\u00e7esaray \u00c7e\u015fmesi, Binbirgece Masallar\u0131, Kamelyal\u0131 Kad\u0131n, Don Ki\u015fot Bale\u2019lerinde solist sanat\u00e7\u0131 olarak dans etti.<\/p><p>Devlet Opera ve Bale\u2019 sinde 4-6 ya\u015f ve 7-12 ya\u015f \u00e7ocuk balesi s\u0131n\u0131flar\u0131na uzun y\u0131llar ders verdi.<\/p><p>Halen; 2005 y\u0131l\u0131nda kurmu\u015f oldu\u011fu Armoni Sanat Merkezi\u2019 nde bale \u00e7al\u0131\u015fmalar\u0131n\u0131 s\u00fcrd\u00fcrmektedir.<\/p>\t\t\t\t\t<\/div>\n\t\t\t\t\t\t<\/div>\n\t\t\t\t<\/div>\n\t\t\t\t\t\t<\/div>\n\t\t\t\t\t<\/div>\n\t\t<\/div>\n\t\t\t\t\t\t\t\t<\/div>\n\t\t\t\t\t<\/div>\n\t\t<\/section>\n\t\t\t\t\t\t\t\t\t<\/div>\n\t\t\t<\/div>\n\t\t\t\t\t<\/div>\n\t\t","protected":false},"excerpt":{"rendered":"<p>Ya\u015fam\u0131n\u0131za bir renk, g\u00fczel bir dokunu\u015f, de\u011fi\u015fik bir heyecan katmak istiyoruz. Bu nedenle alan\u0131nda uzman e\u011fitmenlerimizle birlikte i\u00e7inizde bir yerlerde ke\u015ffedilmeyi bekleyen yetene\u011finizi birlikte ortaya \u00e7\u0131karmay\u0131 hedefliyoruz. Belki var olan yetene\u011finizin (ya da yeteneklerinizin) fark\u0131ndas\u0131n\u0131zd\u0131r, ya da de\u011filsinizdir. Ya\u015f\u0131 ne olursa olsun, her insan\u0131n g\u00fczel sanatlara kar\u015f\u0131 az ya da \u00e7ok bir yetene\u011fi oldu\u011funa inan\u0131yoruz. [&hellip;]<\/p>\n","protected":false},"author":1,"featured_media":0,"parent":0,"menu_order":0,"comment_status":"closed","ping_status":"closed","template":"","meta":{"zakra_sidebar_layout":"customizer","zakra_remove_content_margin":false,"zakra_sidebar":"customizer","zakra_transparent_header":"customizer","zakra_logo":0,"zakra_main_header_style":"default","zakra_menu_item_color":"","zakra_menu_item_hover_color":"","zakra_menu_item_active_color":"","zakra_menu_active_style":"","zakra_page_header":true},"_links":{"self":[{"href":"https:\/\/www.armonisanatkursu.com\/index.php\/wp-json\/wp\/v2\/pages\/581"}],"collection":[{"href":"https:\/\/www.armonisanatkursu.com\/index.php\/wp-json\/wp\/v2\/pages"}],"about":[{"href":"https:\/\/www.armonisanatkursu.com\/index.php\/wp-json\/wp\/v2\/types\/page"}],"author":[{"embeddable":true,"href":"https:\/\/www.armonisanatkursu.com\/index.php\/wp-json\/wp\/v2\/users\/1"}],"replies":[{"embeddable":true,"href":"https:\/\/www.armonisanatkursu.com\/index.php\/wp-json\/wp\/v2\/comments?post=581"}],"version-history":[{"count":11,"href":"https:\/\/www.armonisanatkursu.com\/index.php\/wp-json\/wp\/v2\/pages\/581\/revisions"}],"predecessor-version":[{"id":715,"href":"https:\/\/www.armonisanatkursu.com\/index.php\/wp-json\/wp\/v2\/pages\/581\/revisions\/715"}],"wp:attachment":[{"href":"https:\/\/www.armonisanatkursu.com\/index.php\/wp-json\/wp\/v2\/media?parent=581"}],"curies":[{"name":"wp","href":"https:\/\/api.w.org\/{rel}","templated":true}]}}